{"id":40,"date":"2020-11-23T22:51:24","date_gmt":"2020-11-23T22:51:24","guid":{"rendered":"http:\/\/xn--stazinri-5za.de\/?page_id=40"},"modified":"2025-05-11T23:26:08","modified_gmt":"2025-05-11T23:26:08","slug":"gartendesign","status":"publish","type":"page","link":"https:\/\/xn--stazinri-5za.de\/?page_id=40","title":{"rendered":"Stazin\u00e4ri Gartendesign"},"content":{"rendered":"\n<p>&#8222;Stazin\u00e4ri&#8220; ist in der Region Bamberg der mundartliche Ausdruck f\u00fcr die Schwarzwurzel.<\/p>\n\n\n\n<p>Lebensr\u00e4ume schaffen<\/p>\n","protected":false},"excerpt":{"rendered":"<p>&#8222;Stazin\u00e4ri&#8220; ist in der Region Bamberg der mundartliche Ausdruck f\u00fcr die Schwarzwurzel. Lebensr\u00e4ume schaffen<\/p>\n","protected":false},"author":1,"featured_media":0,"parent":0,"menu_order":0,"comment_status":"closed","ping_status":"closed","template":"","meta":{"footnotes":""},"class_list":["post-40","page","type-page","status-publish","hentry"],"_links":{"self":[{"href":"https:\/\/xn--stazinri-5za.de\/index.php?rest_route=\/wp\/v2\/pages\/40","targetHints":{"allow":["GET"]}}],"collection":[{"href":"https:\/\/xn--stazinri-5za.de\/index.php?rest_route=\/wp\/v2\/pages"}],"about":[{"href":"https:\/\/xn--stazinri-5za.de\/index.php?rest_route=\/wp\/v2\/types\/page"}],"author":[{"embeddable":true,"href":"https:\/\/xn--stazinri-5za.de\/index.php?rest_route=\/wp\/v2\/users\/1"}],"replies":[{"embeddable":true,"href":"https:\/\/xn--stazinri-5za.de\/index.php?rest_route=%2Fwp%2Fv2%2Fcomments&post=40"}],"version-history":[{"count":5,"href":"https:\/\/xn--stazinri-5za.de\/index.php?rest_route=\/wp\/v2\/pages\/40\/revisions"}],"predecessor-version":[{"id":66,"href":"https:\/\/xn--stazinri-5za.de\/index.php?rest_route=\/wp\/v2\/pages\/40\/revisions\/66"}],"wp:attachment":[{"href":"https:\/\/xn--stazinri-5za.de\/index.php?rest_route=%2Fwp%2Fv2%2Fmedia&parent=40"}],"curies":[{"name":"wp","href":"https:\/\/api.w.org\/{rel}","templated":true}]}}